{"id":3155,"date":"2026-01-30T09:53:32","date_gmt":"2026-01-30T09:53:32","guid":{"rendered":"https:\/\/acsi-campingforsale.com\/erklaerung-zum-datenschutz\/"},"modified":"2026-04-15T13:02:43","modified_gmt":"2026-04-15T13:02:43","slug":"erklaerung-zum-datenschutz","status":"publish","type":"page","link":"https:\/\/acsi-campingforsale.com\/de\/erklaerung-zum-datenschutz\/","title":{"rendered":"Erkl\u00e4rung zum Datenschutz"},"content":{"rendered":"\t\t<div data-elementor-type=\"wp-page\" data-elementor-id=\"3155\" class=\"elementor elementor-3155 elementor-3\" data-elementor-post-type=\"page\">\n\t\t\t\t<div class=\"elementor-element elementor-element-6926a994 e-flex e-con-boxed e-con e-parent\" data-id=\"6926a994\" data-element_type=\"container\" data-e-type=\"container\">\n\t\t\t\t\t<div class=\"e-con-inner\">\n\t\t<div class=\"elementor-element elementor-element-beb836a e-con-full e-flex e-con e-child\" data-id=\"beb836a\" data-element_type=\"container\" data-e-type=\"container\">\n\t\t\t\t<\/div>\n\t\t\t\t<div class=\"elementor-element elementor-element-8201621 elementor-widget elementor-widget-heading\" data-id=\"8201621\" data-element_type=\"widget\" data-e-type=\"widget\" data-widget_type=\"heading.default\">\n\t\t\t\t\t<h2 class=\"elementor-heading-title elementor-size-default\">Datenschutzerkl\u00e4rung<\/h2>\t\t\t\t<\/div>\n\t\t\t\t<div class=\"elementor-element elementor-element-7cb62015 elementor-widget elementor-widget-text-editor\" data-id=\"7cb62015\" data-element_type=\"widget\" data-e-type=\"widget\" data-widget_type=\"text-editor.default\">\n\t\t\t\t\t\t\t\t\t<p>Ihre Privatsph\u00e4re ist Ihnen und uns wichtig. Daher m\u00f6chten wir Ihnen erl\u00e4utern, warum und wie wir Ihre personenbezogenen Daten verarbeiten. Ehrlichkeit und Transparenz sind f\u00fcr uns zentrale Werte. Wir streben eine langfristige und vertrauensvolle Beziehung zu unseren Kunden und Gesch\u00e4ftspartnern an. Dies bedeutet unter anderem, dass wir Ihre Privatsph\u00e4re sowie Ihre Entscheidungen respektieren und sch\u00fctzen. Personenbezogene Daten geben schlie\u00dflich Aufschluss \u00fcber Ihre Person. Ihre Daten m\u00fcssen bei uns sicher sein \u2013 und daf\u00fcr unternehmen wir alle erforderlichen Ma\u00dfnahmen. S\u00e4mtliche Mitarbeitende sind an strenge Datenschutzrichtlinien gebunden und werden regelm\u00e4\u00dfig auf deren Einhaltung \u00fcberpr\u00fcft. Wir geben Ihre Daten nur dann an Dritte weiter, wenn dies erforderlich ist, beispielsweise zur Erf\u00fcllung unserer vertraglichen Verpflichtungen. Ein Verkauf personenbezogener Daten an Dritte erfolgt nicht. Ebenso versenden wir keine Marketingnachrichten, es sei denn, Sie haben dem ausdr\u00fccklich zugestimmt. Ihre Daten werden ausschlie\u00dflich zur Gew\u00e4hrleistung einer optimalen Dienstleistung sowie zur Sicherstellung eines ordnungsgem\u00e4\u00dfen Gesch\u00e4ftsbetriebs verwendet.<\/p><p>Wir m\u00f6chten, dass Sie jederzeit nachvollziehen k\u00f6nnen, wie wir Ihre personenbezogenen Daten verarbeiten und dass diese stets aktuell sind. Sie haben daher das Recht, Ihre Daten einzusehen, zu berichtigen und zu aktualisieren. Selbstverst\u00e4ndlich k\u00f6nnen Sie uns auch mitteilen, dass Sie Ihre Einwilligung zur Verarbeitung Ihrer Daten widerrufen m\u00f6chten. Da es sich um Ihre Daten handelt, haben Sie zudem das Recht, deren \u00dcbertragung zu verlangen.<\/p><p>Im Rahmen der Vertragserf\u00fcllung arbeiten wir mit Partnern wie Campingplatzbetreibern und Dienstleistern zusammen. Wir kooperieren ausschlie\u00dflich mit zuverl\u00e4ssigen Partnern, die dieselben hohen Datenschutzstandards einhalten wie wir. Diese Partner erhalten Ihre personenbezogenen Daten nur, soweit dies unbedingt erforderlich ist und unter strengen datenschutzrechtlichen Voraussetzungen. Wir stellen sicher, dass Ihre Daten dort ebenso gesch\u00fctzt sind wie bei uns.<\/p><p>Die Verarbeitung Ihrer Daten durch ACSI Broker Services erfolgt im Einklang mit der geltenden europ\u00e4ischen Gesetzgebung, insbesondere der Datenschutz-Grundverordnung (DSGVO). Wenn Sie uns Ihre personenbezogenen Daten zur Verf\u00fcgung stellen oder wir Daten \u00fcber Sie erheben, erfolgt deren Verarbeitung ausschlie\u00dflich auf Grundlage dieser Datenschutzerkl\u00e4rung. In den nachfolgenden Abschnitten wird im Detail erl\u00e4utert, welche personenbezogenen Daten verarbeitet werden und wie diese genutzt, verarbeitet und gesch\u00fctzt werden.<\/p><p>Bei allgemeinen Fragen oder Beschwerden im Zusammenhang mit dieser Datenschutzerkl\u00e4rung k\u00f6nnen Sie sich per E-Mail an unseren Datenschutzbeauftragten wenden: <a href=\"mailto:dataprotection@acsi.eu\">dataprotection@acsi.eu<\/a>.\u00a0Aus Sicherheitsgr\u00fcnden werden Sie gebeten, einen Identit\u00e4tsnachweis zu erbringen, bevor Ihr Anliegen bearbeitet werden kann.<\/p>\t\t\t\t\t\t\t\t<\/div>\n\t\t\t\t<div class=\"elementor-element elementor-element-91ebf54 elementor-widget elementor-widget-heading\" data-id=\"91ebf54\" data-element_type=\"widget\" data-e-type=\"widget\" data-widget_type=\"heading.default\">\n\t\t\t\t\t<h3 class=\"elementor-heading-title elementor-size-default\">Inhaltsverzeichnis<\/h3>\t\t\t\t<\/div>\n\t\t\t\t<div class=\"elementor-element elementor-element-df15ff1 elementor-widget elementor-widget-text-editor\" data-id=\"df15ff1\" data-element_type=\"widget\" data-e-type=\"widget\" data-widget_type=\"text-editor.default\">\n\t\t\t\t\t\t\t\t\t<ul><li>Was sind personenbezogene Daten?<\/li><li>Welche Daten wir sammeln und wie wir sie verwenden?<\/li><li>Wo speichern wir Ihre Daten?<\/li><li>Wie lange bewahren wir Ihre pers\u00f6nlichen Daten auf?<\/li><li>Was sind Ihre Datenschutzrechte?<\/li><li>\u00c4nderungen<\/li><li>Anhang 1: Kategorien von personenbezogenen Daten<\/li><\/ul>\t\t\t\t\t\t\t\t<\/div>\n\t\t\t\t<div class=\"elementor-element elementor-element-fd5ab15 elementor-widget elementor-widget-heading\" data-id=\"fd5ab15\" data-element_type=\"widget\" data-e-type=\"widget\" data-widget_type=\"heading.default\">\n\t\t\t\t\t<h3 class=\"elementor-heading-title elementor-size-default\">1. Was sind personenbezogene Daten?<\/h3>\t\t\t\t<\/div>\n\t\t\t\t<div class=\"elementor-element elementor-element-52ca058 elementor-widget elementor-widget-text-editor\" data-id=\"52ca058\" data-element_type=\"widget\" data-e-type=\"widget\" data-widget_type=\"text-editor.default\">\n\t\t\t\t\t\t\t\t\tPersonenbezogene Daten sind alle Informationen, die sich auf eine identifizierte oder identifizierbare nat\u00fcrliche Person beziehen. Dazu geh\u00f6ren Angaben zu Ihrer Identit\u00e4t wie Name, Anschrift und Telefonnummer, aber auch Ihre IP-Adresse. Zu den personenbezogenen Daten z\u00e4hlen dar\u00fcber hinaus Profilbilder, pers\u00f6nliche Pr\u00e4ferenzen, Kaufverhalten sowie finanzielle Informationen. In Anlage 1 am Ende dieser Seite finden Sie eine \u00dcbersicht der Kategorien personenbezogener Daten, die wir verarbeiten k\u00f6nnen. Auch Cookies gelten als personenbezogene Daten. Weitere Informationen hierzu finden Sie in unserer Cookie-Richtlinie.\t\t\t\t\t\t\t\t<\/div>\n\t\t\t\t<div class=\"elementor-element elementor-element-0321f28 elementor-widget elementor-widget-heading\" data-id=\"0321f28\" data-element_type=\"widget\" data-e-type=\"widget\" data-widget_type=\"heading.default\">\n\t\t\t\t\t<h3 class=\"elementor-heading-title elementor-size-default\">2. Welche Daten sammeln wir und wie verwenden wir sie?<\/h3>\t\t\t\t<\/div>\n\t\t\t\t<div class=\"elementor-element elementor-element-f628bf8 elementor-widget elementor-widget-text-editor\" data-id=\"f628bf8\" data-element_type=\"widget\" data-e-type=\"widget\" data-widget_type=\"text-editor.default\">\n\t\t\t\t\t\t\t\t\t<p>Bei ACSI Broker Services steht der Kunde im Mittelpunkt unseres Handelns. Wir m\u00f6chten f\u00fcr Sie optimale Reiseprodukte entwickeln. Hierf\u00fcr ist es erforderlich, mit Ihnen in Kontakt zu treten und zu kommunizieren, um Ihre W\u00fcnsche bestm\u00f6glich zu erf\u00fcllen.<\/p><p>Wir erheben bzw. erhalten Ihre Daten \u00fcber unsere Website und Formulare.<\/p><p>Sie stellen uns Ihre Daten zur Verf\u00fcgung, indem Sie Formulare ausf\u00fcllen. Dar\u00fcber hinaus erfassen wir beim Besuch unserer Website Cookies, die f\u00fcr die ordnungsgem\u00e4\u00dfe Funktion und Sicherheit der Website erforderlich sind.<\/p><p>Wir verarbeiten personenbezogene Daten zur Erf\u00fcllung unserer vertraglichen Verpflichtungen Ihnen gegen\u00fcber. Auf diese Weise k\u00f6nnen wir Ihnen relevante Informationen bereitstellen und L\u00f6sungen anbieten, falls Sie nicht vollst\u00e4ndig zufrieden sind. F\u00fcr Zwecke der Produktentwicklung erstellen wir statistische Auswertungen. Diese helfen uns, bestehende Kundenbeziehungen zu st\u00e4rken und neue Kunden zu gewinnen. Die Analyse und Auswertung personenbezogener Daten ist notwendig, um unsere Produkte und Dienstleistungen weiterzuentwickeln und zu verbessern \u2013 kurz gesagt, um unseren Service kontinuierlich zu optimieren.<\/p><p>Auf Grundlage unserer Analysen k\u00f6nnen wir mithilfe automatisierter Profiling-Verfahren Informationen zu Produkten und Aktivit\u00e4ten bereitstellen, die auf Ihre pers\u00f6nlichen Interessen und Bed\u00fcrfnisse zugeschnitten sind.<\/p><p>Eine Weitergabe Ihrer personenbezogenen Daten an Dritte erfolgt nur, wenn dies zur Vertragserf\u00fcllung oder f\u00fcr interne Gesch\u00e4ftsprozesse erforderlich ist. Mit diesen Dritten bestehen entsprechende Auftragsverarbeitungsvertr\u00e4ge, die sicherstellen, dass dieselben strengen Datenschutzstandards eingehalten werden.<\/p><p>Ihre personenbezogenen Daten werden zu keinem Zeitpunkt verkauft.<\/p>\t\t\t\t\t\t\t\t<\/div>\n\t\t\t\t<div class=\"elementor-element elementor-element-0fa2a0c elementor-widget elementor-widget-heading\" data-id=\"0fa2a0c\" data-element_type=\"widget\" data-e-type=\"widget\" data-widget_type=\"heading.default\">\n\t\t\t\t\t<h3 class=\"elementor-heading-title elementor-size-default\">3. Wo speichern wir Ihre Daten?<\/h3>\t\t\t\t<\/div>\n\t\t\t\t<div class=\"elementor-element elementor-element-cc4f4a8 elementor-widget elementor-widget-text-editor\" data-id=\"cc4f4a8\" data-element_type=\"widget\" data-e-type=\"widget\" data-widget_type=\"text-editor.default\">\n\t\t\t\t\t\t\t\t\t<p>Zur Gew\u00e4hrleistung einer sicheren und ordnungsgem\u00e4\u00dfen Datenverarbeitung treffen wir umfassende organisatorische und technische Ma\u00dfnahmen. Mitarbeitende, die personenbezogene Daten verarbeiten, k\u00f6nnen sich auch au\u00dferhalb des Europ\u00e4ischen Wirtschaftsraums (EWR) befinden und dort f\u00fcr uns oder unsere Dienstleister t\u00e4tig sein. Auch mit diesen au\u00dferhalb des EWR ans\u00e4ssigen Parteien haben wir entsprechende Auftragsverarbeitungsvertr\u00e4ge geschlossen. Ihre Daten sind daher dort ebenso gesch\u00fctzt wie innerhalb der Europ\u00e4ischen Union.<\/p><p>Da die \u00dcbertragung von Informationen \u00fcber das Internet nicht vollst\u00e4ndig sicher ist, k\u00f6nnen weder wir noch unsere Partner die Sicherheit von Daten, die an unsere Website \u00fcbermittelt werden, uneingeschr\u00e4nkt garantieren. Die \u00dcbermittlung erfolgt daher auf eigenes Risiko.<\/p>\t\t\t\t\t\t\t\t<\/div>\n\t\t\t\t<div class=\"elementor-element elementor-element-6a6bad4 elementor-widget elementor-widget-heading\" data-id=\"6a6bad4\" data-element_type=\"widget\" data-e-type=\"widget\" data-widget_type=\"heading.default\">\n\t\t\t\t\t<h3 class=\"elementor-heading-title elementor-size-default\">4. Wie lange bewahren wir Ihre pers\u00f6nlichen Daten auf?<\/h3>\t\t\t\t<\/div>\n\t\t\t\t<div class=\"elementor-element elementor-element-e6034be elementor-widget elementor-widget-text-editor\" data-id=\"e6034be\" data-element_type=\"widget\" data-e-type=\"widget\" data-widget_type=\"text-editor.default\">\n\t\t\t\t\t\t\t\t\t<p>Wir speichern Ihre personenbezogenen Daten nicht l\u00e4nger, als es f\u00fcr die jeweiligen Zwecke erforderlich ist. Dies kann zur Erf\u00fcllung Ihrer Anforderungen oder zur Einhaltung gesetzlicher Verpflichtungen notwendig sein. Sobald die Daten nicht mehr ben\u00f6tigt werden, werden sie gel\u00f6scht oder anonymisiert, sodass keine R\u00fcckschl\u00fcsse auf Ihre Person mehr m\u00f6glich sind.<\/p><p>Personenbezogene Daten von Kunden werden bis zu sieben Jahre nach Beendigung der Gesch\u00e4ftsbeziehung gespeichert. Daten von potenziellen Kunden ohne weiteren Kontakt werden sechs Monate nach Erhebung gespeichert. Daten von Interessenten, die Kontakt mit uns w\u00fcnschen, werden f\u00fcr einen Zeitraum von zwei Jahren gespeichert.<\/p>\t\t\t\t\t\t\t\t<\/div>\n\t\t\t\t<div class=\"elementor-element elementor-element-b187367 elementor-widget elementor-widget-heading\" data-id=\"b187367\" data-element_type=\"widget\" data-e-type=\"widget\" data-widget_type=\"heading.default\">\n\t\t\t\t\t<h3 class=\"elementor-heading-title elementor-size-default\">5. Was sind Ihre Datenschutzrechte?<\/h3>\t\t\t\t<\/div>\n\t\t\t\t<div class=\"elementor-element elementor-element-3124ccb elementor-widget elementor-widget-text-editor\" data-id=\"3124ccb\" data-element_type=\"widget\" data-e-type=\"widget\" data-widget_type=\"text-editor.default\">\n\t\t\t\t\t\t\t\t\tWir glauben, dass es wichtig ist, dass Sie die Kontrolle \u00fcber Ihre pers\u00f6nlichen Daten haben. Diese Kontrolle k\u00f6nnen Sie \u00fcber die folgenden Rechte aus\u00fcben:\n<ul>\n \t<li>Recht auf Information<\/li>\n \t<li>Recht auf Auskunft<\/li>\n \t<li>Recht auf Berichtigung<\/li>\n \t<li>Recht auf L\u00f6schung (\u201eRecht auf Vergessenwerden\u201c)<\/li>\n \t<li>Recht auf Widerspruch gegen Marketing und Profiling<\/li>\n \t<li>Recht auf Widerruf Ihrer Einwilligung<\/li>\n \t<li>Recht auf Daten\u00fcbertragbarkeit<\/li>\n \t<li>Recht auf Deaktivierung von Cookies<\/li>\n \t<li>Recht auf Beschwerde bei einer Aufsichtsbeh\u00f6rde<\/li>\n<\/ul>\t\t\t\t\t\t\t\t<\/div>\n\t\t\t\t<div class=\"elementor-element elementor-element-3b49e5c elementor-widget elementor-widget-heading\" data-id=\"3b49e5c\" data-element_type=\"widget\" data-e-type=\"widget\" data-widget_type=\"heading.default\">\n\t\t\t\t\t<h3 class=\"elementor-heading-title elementor-size-default\">6. \u00c4nderungen<\/h3>\t\t\t\t<\/div>\n\t\t\t\t<div class=\"elementor-element elementor-element-c67916c elementor-widget elementor-widget-text-editor\" data-id=\"c67916c\" data-element_type=\"widget\" data-e-type=\"widget\" data-widget_type=\"text-editor.default\">\n\t\t\t\t\t\t\t\t\t<p>Diese Datenschutzerkl\u00e4rung ist datiert vom 15. April 2026. Alle \u00c4nderungen oder Erg\u00e4nzungen der Datenschutzerkl\u00e4rung werden sofort ver\u00f6ffentlicht.<\/p>\t\t\t\t\t\t\t\t<\/div>\n\t\t\t\t<div class=\"elementor-element elementor-element-1b15b1b elementor-widget elementor-widget-heading\" data-id=\"1b15b1b\" data-element_type=\"widget\" data-e-type=\"widget\" data-widget_type=\"heading.default\">\n\t\t\t\t\t<h3 class=\"elementor-heading-title elementor-size-default\">7. Anhang 1: Kategorien von personenbezogenen Daten<\/h3>\t\t\t\t<\/div>\n\t\t\t\t<div class=\"elementor-element elementor-element-c75fe02 elementor-widget elementor-widget-text-editor\" data-id=\"c75fe02\" data-element_type=\"widget\" data-e-type=\"widget\" data-widget_type=\"text-editor.default\">\n\t\t\t\t\t\t\t\t\t<p style=\"color: #333333; font-family: -apple-system, BlinkMacSystemFont, 'Segoe UI', Roboto, 'Helvetica Neue', Arial, 'Noto Sans', sans-serif, 'Apple Color Emoji', 'Segoe UI Emoji', 'Segoe UI Symbol', 'Noto Color Emoji';\">Nachstehend finden Sie die Kategorien personenbezogener Daten, die wir verarbeiten k\u00f6nnen. In dieser Datenschutzerkl\u00e4rung wird erl\u00e4utert, wof\u00fcr und auf welcher Grundlage wir diese personenbezogenen Daten verarbeiten k\u00f6nnen.   <\/p>\n<figure class=\"wp-block-table is-style-stripes\" style=\"background-color: #ffffff; color: #333333; font-family: -apple-system, BlinkMacSystemFont, 'Segoe UI', Roboto, 'Helvetica Neue', Arial, 'Noto Sans', sans-serif, 'Apple Color Emoji', 'Segoe UI Emoji', 'Segoe UI Symbol', 'Noto Color Emoji';\">\n<table style=\"width: 1000px;\">\n<thead>\n<tr>\n<th class=\"has-text-align-left\" data-align=\"left\"><span style=\"font-weight: bolder;\">Kategorie der pers\u00f6nlichen Daten<br><\/span><\/th>\n<th class=\"has-text-align-left\" data-align=\"left\"><span style=\"font-weight: bolder;\">Beispiel<\/span><\/th>\n<\/tr>\n<\/thead>\n<tbody>\n<tr>\n<td class=\"has-text-align-left\" style=\"background-color: rgba(128, 128, 128, 0.07);\" data-align=\"left\">Pers\u00f6nliche Identifikationsdaten<\/td>\n<td class=\"has-text-align-left\" style=\"background-color: rgba(128, 128, 128, 0.07);\" data-align=\"left\">Name, E-Mail-Adresse, Telefonnummer<\/td>\n<\/tr>\n<tr>\n<td class=\"has-text-align-left\" data-align=\"left\">Pers\u00f6nliche Merkmale <\/td>\n<td class=\"has-text-align-left\" data-align=\"left\">Bevorzugte Sprache<\/td>\n<\/tr>\n<tr>\n<td class=\"has-text-align-left\" style=\"background-color: rgba(128, 128, 128, 0.07);\" data-align=\"left\">Elektronische Identifikationsdaten <\/td>\n<td class=\"has-text-align-left\" style=\"background-color: rgba(128, 128, 128, 0.07);\" data-align=\"left\">IP-Adresse, Cookies <\/td>  \n<\/tr>\n<tr>\n<td class=\"has-text-align-left\" data-align=\"left\">Kommunikationsdaten <\/td>\n<td class=\"has-text-align-left\" data-align=\"left\">Aufzeichnungen von pers\u00f6nlichen Kontakten, Kontakten per Telefon, E-Mail.<\/td>\n<\/tr>\n<tr>\n<td class=\"has-text-align-left\" style=\"background-color: rgba(128, 128, 128, 0.07);\" data-align=\"left\">Finanzielle Daten <\/td>\n<td class=\"has-text-align-left\" style=\"background-color: rgba(128, 128, 128, 0.07);\" data-align=\"left\">N\/A.<\/td>\n<\/tr>\n<tr>\n<td class=\"has-text-align-left\" data-align=\"left\">Daten zu Produkten und Dienstleistungen <\/td>\n<td class=\"has-text-align-left\" data-align=\"left\">Gekaufte Produkte und Dienstleistungen, Interesse an Produkten und Dienstleistungen <\/td>  \n<\/tr>\n<tr>\n<td class=\"has-text-align-left\" style=\"background-color: rgba(128, 128, 128, 0.07);\" data-align=\"left\">Besondere personenbezogene Daten <\/td>\n<td class=\"has-text-align-left\" style=\"background-color: rgba(128, 128, 128, 0.07);\" data-align=\"left\">Daten, die in Artikel 9 der Allgemeinen Datenschutzverordnung genannt werden <\/td>  \n<\/tr>\n<tr>\n<td class=\"has-text-align-left\" style=\"background-color: rgba(128, 128, 128, 0.1);\" data-align=\"left\">Andere pers\u00f6nliche Daten <\/td>\n<td class=\"has-text-align-left\" style=\"background-color: rgba(128, 128, 128, 0.1);\" data-align=\"left\">Benutzer-ID, Name des Campingplatzes, Website des Campingplatzes<\/td>\n<\/tr>\n<\/tbody>\n<\/table>\n<\/figure>\t\t\t\t\t\t\t\t<\/div>\n\t\t\t\t\t<\/div>\n\t\t\t\t<\/div>\n\t\t\t\t<\/div>\n\t\t","protected":false},"excerpt":{"rendered":"<p>Datenschutzerkl\u00e4rung Ihre Privatsph\u00e4re ist Ihnen und uns wichtig. Daher m\u00f6chten wir Ihnen erl\u00e4utern, warum und wie wir Ihre personenbezogenen Daten verarbeiten. Ehrlichkeit und Transparenz sind f\u00fcr uns zentrale Werte. Wir streben eine langfristige und vertrauensvolle Beziehung zu unseren Kunden und Gesch\u00e4ftspartnern an. Dies bedeutet unter anderem, dass wir Ihre Privatsph\u00e4re sowie Ihre Entscheidungen respektieren und [&hellip;]<\/p>\n","protected":false},"author":1,"featured_media":0,"parent":0,"menu_order":0,"comment_status":"closed","ping_status":"open","template":"","meta":{"_acf_changed":false,"inline_featured_image":false,"footnotes":""},"class_list":["post-3155","page","type-page","status-publish","hentry"],"acf":[],"_links":{"self":[{"href":"https:\/\/acsi-campingforsale.com\/de\/wp-json\/wp\/v2\/pages\/3155","targetHints":{"allow":["GET"]}}],"collection":[{"href":"https:\/\/acsi-campingforsale.com\/de\/wp-json\/wp\/v2\/pages"}],"about":[{"href":"https:\/\/acsi-campingforsale.com\/de\/wp-json\/wp\/v2\/types\/page"}],"author":[{"embeddable":true,"href":"https:\/\/acsi-campingforsale.com\/de\/wp-json\/wp\/v2\/users\/1"}],"replies":[{"embeddable":true,"href":"https:\/\/acsi-campingforsale.com\/de\/wp-json\/wp\/v2\/comments?post=3155"}],"version-history":[{"count":6,"href":"https:\/\/acsi-campingforsale.com\/de\/wp-json\/wp\/v2\/pages\/3155\/revisions"}],"predecessor-version":[{"id":3172,"href":"https:\/\/acsi-campingforsale.com\/de\/wp-json\/wp\/v2\/pages\/3155\/revisions\/3172"}],"wp:attachment":[{"href":"https:\/\/acsi-campingforsale.com\/de\/wp-json\/wp\/v2\/media?parent=3155"}],"curies":[{"name":"wp","href":"https:\/\/api.w.org\/{rel}","templated":true}]}}