{"id":3098,"date":"2026-04-15T10:15:13","date_gmt":"2026-04-15T10:15:13","guid":{"rendered":"https:\/\/acsi-campingforsale.com\/cookies\/"},"modified":"2026-04-15T13:12:05","modified_gmt":"2026-04-15T13:12:05","slug":"cookies","status":"publish","type":"page","link":"https:\/\/acsi-campingforsale.com\/de\/cookies\/","title":{"rendered":"Cookies"},"content":{"rendered":"\t\t<div data-elementor-type=\"wp-page\" data-elementor-id=\"3098\" class=\"elementor elementor-3098 elementor-3060\" data-elementor-post-type=\"page\">\n\t\t\t\t<div class=\"elementor-element elementor-element-4b546734 e-flex e-con-boxed e-con e-parent\" data-id=\"4b546734\" data-element_type=\"container\" data-e-type=\"container\">\n\t\t\t\t\t<div class=\"e-con-inner\">\n\t\t<div class=\"elementor-element elementor-element-4ef2294 e-con-full e-flex e-con e-child\" data-id=\"4ef2294\" data-element_type=\"container\" data-e-type=\"container\">\n\t\t\t\t<div class=\"elementor-element elementor-element-3dcf264c stag_h2 elementor-widget elementor-widget-heading\" data-id=\"3dcf264c\" data-element_type=\"widget\" data-e-type=\"widget\" data-widget_type=\"heading.default\">\n\t\t\t\t\t<h2 class=\"elementor-heading-title elementor-size-default\">Cookie-Richtlinie\n<\/h2>\t\t\t\t<\/div>\n\t\t\t\t<div class=\"elementor-element elementor-element-273b4d94 elementor-widget__width-initial elementor-widget elementor-widget-text-editor\" data-id=\"273b4d94\" data-element_type=\"widget\" data-e-type=\"widget\" data-widget_type=\"text-editor.default\">\n\t\t\t\t\t\t\t\t\tBei der Nutzung der Websites von ACSI Broker Services k\u00f6nnen ACSI und\/oder Dritte Informationen \u00fcber Ihre Nutzung dieser Website erheben, beispielsweise mittels Cookies oder Pixel-Tags.\n\nDurch die Nutzung dieser ACSI-Website erkl\u00e4ren Sie sich mit der Verwendung von Cookies und Pixel-Tags gem\u00e4\u00df dieser Cookie-Richtlinie einverstanden. Sollten Sie mit dieser Verwendung durch ACSI nicht einverstanden sein, bitten wir Sie, Ihre Browsereinstellungen entsprechend anzupassen oder diese ACSI-Website nicht zu nutzen.\t\t\t\t\t\t\t\t<\/div>\n\t\t\t\t<div class=\"elementor-element elementor-element-19e1327c elementor-widget elementor-widget-heading\" data-id=\"19e1327c\" data-element_type=\"widget\" data-e-type=\"widget\" data-widget_type=\"heading.default\">\n\t\t\t\t\t<h2 class=\"elementor-heading-title elementor-size-default\">Was sind Cookies und Pixel-Tags?<\/h2>\t\t\t\t<\/div>\n\t\t\t\t<div class=\"elementor-element elementor-element-cf7b325 elementor-widget__width-initial elementor-widget elementor-widget-text-editor\" data-id=\"cf7b325\" data-element_type=\"widget\" data-e-type=\"widget\" data-widget_type=\"text-editor.default\">\n\t\t\t\t\t\t\t\t\t<p>Cookies sind kleine Dateien, die von einer Webseite (und\/oder Flash-Anwendungen) einer Website auf Ihrem Computer oder anderen internetf\u00e4higen Endger\u00e4ten wie Tablets oder Smartphones gespeichert werden. Diese Dateien k\u00f6nnen von Ihrem Browser (z. B. Google Chrome, Internet Explorer, Edge oder Firefox) beim Aufrufen einer Webseite ausgelesen werden. Cookies erm\u00f6glichen es, Ihre Einstellungen w\u00e4hrend des Surfens zu speichern und auf Ihrem Ger\u00e4t zu hinterlegen. Ein Cookie enth\u00e4lt den Namen der Website, die es setzt, die Speicherdauer sowie einen Wert, in der Regel eine generierte Nummer oder Zeichenfolge.<\/p><p>Ein Pixel-Tag (auch als \u201eClear GIF\u201c bezeichnet) ist eine unsichtbare Grafik, die auf verschiedenen Seiten der ACSI-Website eingebunden ist. Diese Grafik wird nicht auf Ihrem Endger\u00e4t gespeichert.<\/p>\t\t\t\t\t\t\t\t<\/div>\n\t\t\t\t<div class=\"elementor-element elementor-element-0fce46a elementor-widget elementor-widget-heading\" data-id=\"0fce46a\" data-element_type=\"widget\" data-e-type=\"widget\" data-widget_type=\"heading.default\">\n\t\t\t\t\t<h2 class=\"elementor-heading-title elementor-size-default\">Warum werden Cookies verwendet?<\/h2>\t\t\t\t<\/div>\n\t\t\t\t<div class=\"elementor-element elementor-element-c8e8977 elementor-widget__width-initial elementor-widget elementor-widget-text-editor\" data-id=\"c8e8977\" data-element_type=\"widget\" data-e-type=\"widget\" data-widget_type=\"text-editor.default\">\n\t\t\t\t\t\t\t\t\t<p>ACSI Broker Services verwendet Cookies, um die Benutzerfreundlichkeit der Website zu verbessern, Optimierungspotenziale zu erkennen sowie Produkte und Werbeinhalte besser auf Ihre Interessen und Bed\u00fcrfnisse abzustimmen. Cookies erleichtern Ihnen die Nutzung des Internets, indem sie beispielsweise Benutzernamen, Passw\u00f6rter und Einstellungen wie die gew\u00e4hlte Sprache speichern. Beispiel: Sie melden sich \u00fcber \u201eMein ACSI\u201c an. Durch das Setzen eines Cookies erkennt unser System bei Ihrem n\u00e4chsten Besuch, dass Sie bereits angemeldet sind, sodass eine erneute Anmeldung nicht erforderlich ist.<\/p><p>Dar\u00fcber hinaus erfassen Cookies Ihr Nutzungsverhalten zu Analysezwecken. Sie speichern ausschlie\u00dflich Pr\u00e4ferenzen und Interessen auf Grundlage Ihres Surf- und Klickverhaltens. So kann beispielsweise ermittelt werden, wie h\u00e4ufig bestimmte Seiten aufgerufen werden, sodass ACSI erkennen kann, welche Inhalte besonders gefragt sind.<\/p><p>Die Verwendung von Cookies ist sicher. Es k\u00f6nnen keine personenbezogenen Daten wie Telefonnummern oder E-Mail-Adressen aus Cookies abgeleitet werden. Daher eignen sich Cookies nicht f\u00fcr E-Mail- oder Telemarketingma\u00dfnahmen. ACSI ist nicht in der Lage, Sie anhand von Cookie-Informationen pers\u00f6nlich zu identifizieren.<\/p><p>ACSI legt gro\u00dfen Wert auf Transparenz und m\u00f6chte Sie dar\u00fcber informieren, welche Cookies auf den Websites eingesetzt werden und zu welchen Zwecken dies erfolgt. Ziel ist es, sowohl den Schutz Ihrer Privatsph\u00e4re als auch eine m\u00f6glichst hohe Benutzerfreundlichkeit zu gew\u00e4hrleisten.<\/p><p>Unter \u201eArten von Cookies\u201c finden Sie weitere Informationen zu den auf und \u00fcber ACSI-Websites eingesetzten Cookies sowie zu deren jeweiligen Zwecken.<\/p>\t\t\t\t\t\t\t\t<\/div>\n\t\t\t\t<div class=\"elementor-element elementor-element-cbc6e3d elementor-widget elementor-widget-heading\" data-id=\"cbc6e3d\" data-element_type=\"widget\" data-e-type=\"widget\" data-widget_type=\"heading.default\">\n\t\t\t\t\t<h2 class=\"elementor-heading-title elementor-size-default\">Welche Arten von Cookies und Pixel-Tags werden verwendet?<\/h2>\t\t\t\t<\/div>\n\t\t\t\t<div class=\"elementor-element elementor-element-9dc71f2 elementor-widget__width-initial elementor-widget elementor-widget-text-editor\" data-id=\"9dc71f2\" data-element_type=\"widget\" data-e-type=\"widget\" data-widget_type=\"text-editor.default\">\n\t\t\t\t\t\t\t\t\t<p>Auf dieser ACSI-Website werden zwei Arten von Cookies eingesetzt: sogenannte \u201eSession-Cookies\u201c und \u201epersistente Cookies\u201c. Session-Cookies sind tempor\u00e4re Cookies, die auf Ihrem Endger\u00e4t gespeichert bleiben, bis Sie die ACSI-Website verlassen. Persistente Cookies verbleiben \u00fcber einen l\u00e4ngeren Zeitraum auf Ihrem Endger\u00e4t, beispielsweise bis sie manuell gel\u00f6scht werden. Die jeweilige Speicherdauer h\u00e4ngt von der Lebensdauer des Cookies sowie von Ihren Browsereinstellungen ab.<\/p><p>ACSI verwendet zudem Pixel-Tags. Beim Aufrufen einer Seite k\u00f6nnen durch das Laden eines Pixel-Tags Informationen \u00fcber Werbema\u00dfnahmen an Dritte, wie externe Werbe- oder Banneragenturen, \u00fcbermittelt werden. Diese Informationen sind nicht direkt personenbezogen identifizierbar, k\u00f6nnen jedoch mit Ihren personenbezogenen Daten verkn\u00fcpft werden. Wenn Sie Cookies in Ihrem Browser deaktivieren, wird durch den Pixel-Tag lediglich ein vollst\u00e4ndig anonymer Besuch erfasst.<\/p>\t\t\t\t\t\t\t\t<\/div>\n\t\t\t\t<div class=\"elementor-element elementor-element-cb924f7 elementor-widget elementor-widget-heading\" data-id=\"cb924f7\" data-element_type=\"widget\" data-e-type=\"widget\" data-widget_type=\"heading.default\">\n\t\t\t\t\t<h2 class=\"elementor-heading-title elementor-size-default\">Werden Cookies von Dritten verwendet?<\/h2>\t\t\t\t<\/div>\n\t\t\t\t<div class=\"elementor-element elementor-element-c35d2aa elementor-widget__width-initial elementor-widget elementor-widget-text-editor\" data-id=\"c35d2aa\" data-element_type=\"widget\" data-e-type=\"widget\" data-widget_type=\"text-editor.default\">\n\t\t\t\t\t\t\t\t\t<p>Wir arbeiten mit verschiedenen Partnern zusammen, die ebenfalls Cookies auf Ihrem Endger\u00e4t setzen k\u00f6nnen. Hierzu z\u00e4hlen unter anderem Cookies von sozialen Netzwerken wie Facebook und Twitter sowie Cookies, die erforderlich sind, um Ihnen relevante Werbeinhalte anzuzeigen. Eine \u00dcbersicht und Beschreibung dieser Cookies finden Sie am Ende dieser Seite.<\/p>\t\t\t\t\t\t\t\t<\/div>\n\t\t\t\t<div class=\"elementor-element elementor-element-d3badbc elementor-widget elementor-widget-heading\" data-id=\"d3badbc\" data-element_type=\"widget\" data-e-type=\"widget\" data-widget_type=\"heading.default\">\n\t\t\t\t\t<h2 class=\"elementor-heading-title elementor-size-default\">K\u00f6nnen Cookies deaktiviert oder gel\u00f6scht werden?<\/h2>\t\t\t\t<\/div>\n\t\t\t\t<div class=\"elementor-element elementor-element-d24273f elementor-widget__width-initial elementor-widget elementor-widget-text-editor\" data-id=\"d24273f\" data-element_type=\"widget\" data-e-type=\"widget\" data-widget_type=\"text-editor.default\">\n\t\t\t\t\t\t\t\t\t<p>In der Regel akzeptiert Ihr Browser Cookies automatisch. Sie haben jedoch die M\u00f6glichkeit, Ihren Browser so zu konfigurieren, dass Cookies standardm\u00e4\u00dfig blockiert werden oder dass Sie benachrichtigt werden, sobald ein Cookie gesetzt wird. Wenn Sie die von ACSI verwendeten Cookies oder Pixel-Tags \u00fcber Ihren Browser deaktivieren oder l\u00f6schen, kann dies die Funktionalit\u00e4t der ACSI-Website beeintr\u00e4chtigen. So kann ACSI beispielsweise nicht gew\u00e4hrleisten, dass eine Buchung eines Campingplatzes ordnungsgem\u00e4\u00df durchgef\u00fchrt werden kann.<\/p><p>Bitte entnehmen Sie die entsprechenden Anleitungen f\u00fcr Ihren Browser den folgenden Links:<\/p><p><a href=\"https:\/\/support.google.com\/chrome\/answer\/95647?hl=de\" target=\"_blank\" rel=\"nofollow noopener\">Google Chrome<\/a><br \/><a href=\"https:\/\/support.mozilla.org\/de\/kb\/cookies-informationen-websites-auf-ihrem-computer#w_cookie-settings\" target=\"_blank\" rel=\"nofollow noopener\">Mozilla Firefox<\/a><br \/><a href=\"https:\/\/support.microsoft.com\/de-de\/windows\" target=\"_blank\" rel=\"nofollow noopener\">Microsoft Internet Explorer<\/a><br \/><a href=\"https:\/\/support.apple.com\/de-de\/guide\/safari\/sfri11471\/mac\" target=\"_blank\" rel=\"nofollow noopener\">Apple Safari<\/a><br \/><a href=\"https:\/\/help.opera.com\/de\/latest\/web-preferences\/#cookies\" target=\"_blank\" rel=\"nofollow noopener\">Opera Software<\/a><br \/><a href=\"https:\/\/support.microsoft.com\/de-de\/windows\/verwalten-von-cookies-in-microsoft-edge-anzeigen-zulassen-blockieren-l%C3%B6schen-und-verwenden-168dab11-0753-043d-7c16-ede5947fc64d\" target=\"_blank\" rel=\"nofollow noopener\">Microsoft Edge<\/a><\/p><p>Weitere Informationen zum Thema Online-Datenschutz und Werbung finden Sie hier. Dort haben Sie auch die M\u00f6glichkeit festzulegen, ob Sie interessenbasierte Online-Werbung erhalten m\u00f6chten.<\/p><p>Werfen Sie einen Blick auf die verschiedenen Cookie-Arten, um weitere Informationen \u00fcber die auf und \u00fcber ACSI-Websites verwendeten Cookies sowie deren Zwecke zu erhalten.<\/p>\t\t\t\t\t\t\t\t<\/div>\n\t\t\t\t<div class=\"elementor-element elementor-element-d626bbd elementor-widget elementor-widget-heading\" data-id=\"d626bbd\" data-element_type=\"widget\" data-e-type=\"widget\" data-widget_type=\"heading.default\">\n\t\t\t\t\t<h2 class=\"elementor-heading-title elementor-size-default\">Cookie-Arten<\/h2>\t\t\t\t<\/div>\n\t\t\t\t<div class=\"elementor-element elementor-element-2c97e97 elementor-widget__width-initial elementor-widget elementor-widget-text-editor\" data-id=\"2c97e97\" data-element_type=\"widget\" data-e-type=\"widget\" data-widget_type=\"text-editor.default\">\n\t\t\t\t\t\t\t\t\t<p><strong>Unbedingt erforderliche Cookies<\/strong><br \/>Anonyme Cookies, die es Nutzern erm\u00f6glichen, die Website von ACSI Broker Services zu nutzen, Funktionen auszuf\u00fchren und auf gesch\u00fctzte Bereiche zuzugreifen. Die durch diese Cookies erhobenen Informationen d\u00fcrfen nicht zu Marketingzwecken verwendet werden. Wird die Verwendung dieser Cookies nicht zugelassen, k\u00f6nnen Teile der ACSI Broker Services Website m\u00f6glicherweise nicht genutzt werden.<\/p><p><strong>Leistungsbezogene Cookies<\/strong><br \/>Anonyme Cookies, die es ACSI erm\u00f6glichen, die Website zu verbessern. Diese Cookies erfassen Informationen dar\u00fcber, wie Besucher ACSI Broker Services nutzen, beispielsweise welche Seiten am h\u00e4ufigsten aufgerufen werden oder wie viele Fehlermeldungen angezeigt werden. Ein Beispiel hierf\u00fcr sind Webanalyse-Cookies. Die durch diese Cookies erhobenen Informationen d\u00fcrfen nicht f\u00fcr Marketingzwecke verwendet und nicht an Dritte weitergegeben werden.<\/p><p><strong>Funktionscookies<\/strong><br \/>Anonyme Cookies, die es ACSI Broker Services erm\u00f6glichen, die Entscheidungen und Pr\u00e4ferenzen der Besucher zu speichern. Auf dieser Grundlage kann ACSI individuell relevantere Inhalte bereitstellen. Beispiele f\u00fcr erhobene Daten sind L\u00e4nder- und Spracheinstellungen. Wenn Sie die Verwendung dieser Cookies ablehnen, kann dies folgende Auswirkungen haben:<\/p><ul><li>Bestimmte Bereiche von ACSI Broker Services sind m\u00f6glicherweise nicht mehr nutzbar<\/li><li>ACSI kann den Nutzern weniger Unterst\u00fctzung bieten<\/li><li>ACSI kann Ihre Einstellungen nicht speichern, beispielsweise das Deaktivieren oder Ausblenden bestimmter Funktionen.<\/li><\/ul>\t\t\t\t\t\t\t\t<\/div>\n\t\t\t\t<\/div>\n\t\t\t\t\t<\/div>\n\t\t\t\t<\/div>\n\t\t\t\t<\/div>\n\t\t","protected":false},"excerpt":{"rendered":"<p>Cookie-Richtlinie Bei der Nutzung der Websites von ACSI Broker Services k\u00f6nnen ACSI und\/oder Dritte Informationen \u00fcber Ihre Nutzung dieser Website erheben, beispielsweise mittels Cookies oder Pixel-Tags. Durch die Nutzung dieser ACSI-Website erkl\u00e4ren Sie sich mit der Verwendung von Cookies und Pixel-Tags gem\u00e4\u00df dieser Cookie-Richtlinie einverstanden. Sollten Sie mit dieser Verwendung durch ACSI nicht einverstanden sein, [&hellip;]<\/p>\n","protected":false},"author":3,"featured_media":0,"parent":0,"menu_order":0,"comment_status":"closed","ping_status":"closed","template":"elementor_header_footer","meta":{"_acf_changed":false,"inline_featured_image":false,"footnotes":""},"class_list":["post-3098","page","type-page","status-publish","hentry"],"acf":[],"_links":{"self":[{"href":"https:\/\/acsi-campingforsale.com\/de\/wp-json\/wp\/v2\/pages\/3098","targetHints":{"allow":["GET"]}}],"collection":[{"href":"https:\/\/acsi-campingforsale.com\/de\/wp-json\/wp\/v2\/pages"}],"about":[{"href":"https:\/\/acsi-campingforsale.com\/de\/wp-json\/wp\/v2\/types\/page"}],"author":[{"embeddable":true,"href":"https:\/\/acsi-campingforsale.com\/de\/wp-json\/wp\/v2\/users\/3"}],"replies":[{"embeddable":true,"href":"https:\/\/acsi-campingforsale.com\/de\/wp-json\/wp\/v2\/comments?post=3098"}],"version-history":[{"count":10,"href":"https:\/\/acsi-campingforsale.com\/de\/wp-json\/wp\/v2\/pages\/3098\/revisions"}],"predecessor-version":[{"id":3178,"href":"https:\/\/acsi-campingforsale.com\/de\/wp-json\/wp\/v2\/pages\/3098\/revisions\/3178"}],"wp:attachment":[{"href":"https:\/\/acsi-campingforsale.com\/de\/wp-json\/wp\/v2\/media?parent=3098"}],"curies":[{"name":"wp","href":"https:\/\/api.w.org\/{rel}","templated":true}]}}